{"id":25757,"date":"2025-04-24T08:03:56","date_gmt":"2025-04-24T08:03:56","guid":{"rendered":"https:\/\/shop.mallorca312.com\/?post_type=product&#038;p=25757"},"modified":"2026-04-08T11:25:32","modified_gmt":"2026-04-08T11:25:32","slug":"sudadera-m312-blanca","status":"publish","type":"product","link":"https:\/\/shop.mallorca312.com\/en\/mallorca312\/sudadera-m312-blanca\/","title":{"rendered":"Sudadera M312 blanca"},"content":{"rendered":"","protected":false},"excerpt":{"rendered":"<p>Punto liso 100% algod\u00f3n org\u00e1nico con acabado carb\u00f3nico.<\/p>","protected":false},"featured_media":28640,"template":"","meta":[],"product_brand":[],"product_cat":[134],"product_tag":[],"class_list":{"0":"post-25757","1":"product","2":"type-product","3":"status-publish","4":"has-post-thumbnail","6":"product_cat-mallorca312","8":"first","9":"instock","10":"taxable","11":"shipping-taxable","12":"purchasable","13":"product-type-variable","14":"add-to-wishlist-before_image"},"yoast_head":"<!-- This site is optimized with the Yoast SEO plugin v26.4 - https:\/\/yoast.com\/wordpress\/plugins\/seo\/ -->\n<title>Sudadera M312 blanca - Mallorca312 Shop<\/title>\n<meta name=\"robots\" content=\"index, follow, max-snippet:-1, max-image-preview:large, max-video-preview:-1\" \/>\n<link rel=\"canonical\" href=\"https:\/\/shop.mallorca312.com\/en\/mallorca312\/sudadera-m312-blanca\/\" \/>\n<meta property=\"og:locale\" content=\"en_US\" \/>\n<meta property=\"og:type\" content=\"article\" \/>\n<meta property=\"og:title\" content=\"Sudadera M312 blanca - Mallorca312 Shop\" \/>\n<meta property=\"og:description\" content=\"Punto liso 100% algod\u00f3n org\u00e1nico con acabado carb\u00f3nico.\" \/>\n<meta property=\"og:url\" content=\"https:\/\/shop.mallorca312.com\/en\/mallorca312\/sudadera-m312-blanca\/\" \/>\n<meta property=\"og:site_name\" content=\"Mallorca312 Shop\" \/>\n<meta property=\"article:modified_time\" content=\"2026-04-08T11:25:32+00:00\" \/>\n<meta property=\"og:image\" content=\"https:\/\/shop.mallorca312.com\/wp-content\/uploads\/2025\/04\/Captura-de-pantalla-2025-04-30-a-las-11.33.45.jpg\" \/>\n\t<meta property=\"og:image:width\" content=\"818\" \/>\n\t<meta property=\"og:image:height\" content=\"1016\" \/>\n\t<meta property=\"og:image:type\" content=\"image\/jpeg\" \/>\n<meta name=\"twitter:label1\" content=\"Est. reading time\" \/>\n\t<meta name=\"twitter:data1\" content=\"1 minute\" \/>\n<script type=\"application\/ld+json\" class=\"yoast-schema-graph\">{\"@context\":\"https:\/\/schema.org\",\"@graph\":[{\"@type\":\"WebPage\",\"@id\":\"https:\/\/shop.mallorca312.com\/mallorca312\/sudadera-m312-blanca\/\",\"url\":\"https:\/\/shop.mallorca312.com\/mallorca312\/sudadera-m312-blanca\/\",\"name\":\"Sudadera M312 blanca - Mallorca312 Shop\",\"isPartOf\":{\"@id\":\"https:\/\/shop.mallorca312.com\/#website\"},\"primaryImageOfPage\":{\"@id\":\"https:\/\/shop.mallorca312.com\/mallorca312\/sudadera-m312-blanca\/#primaryimage\"},\"image\":{\"@id\":\"https:\/\/shop.mallorca312.com\/mallorca312\/sudadera-m312-blanca\/#primaryimage\"},\"thumbnailUrl\":\"https:\/\/shop.mallorca312.com\/wp-content\/uploads\/2025\/04\/Captura-de-pantalla-2025-04-30-a-las-11.33.45.jpg\",\"datePublished\":\"2025-04-24T08:03:56+00:00\",\"dateModified\":\"2026-04-08T11:25:32+00:00\",\"breadcrumb\":{\"@id\":\"https:\/\/shop.mallorca312.com\/mallorca312\/sudadera-m312-blanca\/#breadcrumb\"},\"inLanguage\":\"en-US\",\"potentialAction\":[{\"@type\":\"ReadAction\",\"target\":[\"https:\/\/shop.mallorca312.com\/mallorca312\/sudadera-m312-blanca\/\"]}]},{\"@type\":\"ImageObject\",\"inLanguage\":\"en-US\",\"@id\":\"https:\/\/shop.mallorca312.com\/mallorca312\/sudadera-m312-blanca\/#primaryimage\",\"url\":\"https:\/\/shop.mallorca312.com\/wp-content\/uploads\/2025\/04\/Captura-de-pantalla-2025-04-30-a-las-11.33.45.jpg\",\"contentUrl\":\"https:\/\/shop.mallorca312.com\/wp-content\/uploads\/2025\/04\/Captura-de-pantalla-2025-04-30-a-las-11.33.45.jpg\",\"width\":818,\"height\":1016},{\"@type\":\"BreadcrumbList\",\"@id\":\"https:\/\/shop.mallorca312.com\/mallorca312\/sudadera-m312-blanca\/#breadcrumb\",\"itemListElement\":[{\"@type\":\"ListItem\",\"position\":1,\"name\":\"Portada\",\"item\":\"https:\/\/shop.mallorca312.com\/\"},{\"@type\":\"ListItem\",\"position\":2,\"name\":\"Tienda\",\"item\":\"https:\/\/shop.mallorca312.com\/tienda\/\"},{\"@type\":\"ListItem\",\"position\":3,\"name\":\"Sudadera M312 blanca\"}]},{\"@type\":\"WebSite\",\"@id\":\"https:\/\/shop.mallorca312.com\/#website\",\"url\":\"https:\/\/shop.mallorca312.com\/\",\"name\":\"Mallorca312 Shop\",\"description\":\"Mallorca312 Shop\",\"potentialAction\":[{\"@type\":\"SearchAction\",\"target\":{\"@type\":\"EntryPoint\",\"urlTemplate\":\"https:\/\/shop.mallorca312.com\/?s={search_term_string}\"},\"query-input\":{\"@type\":\"PropertyValueSpecification\",\"valueRequired\":true,\"valueName\":\"search_term_string\"}}],\"inLanguage\":\"en-US\"}]}<\/script>\n<!-- \/ Yoast SEO plugin. -->","yoast_head_json":{"title":"Sudadera M312 blanca - Mallorca312 Shop","robots":{"index":"index","follow":"follow","max-snippet":"max-snippet:-1","max-image-preview":"max-image-preview:large","max-video-preview":"max-video-preview:-1"},"canonical":"https:\/\/shop.mallorca312.com\/en\/mallorca312\/sudadera-m312-blanca\/","og_locale":"en_US","og_type":"article","og_title":"Sudadera M312 blanca - Mallorca312 Shop","og_description":"Punto liso 100% algod\u00f3n org\u00e1nico con acabado carb\u00f3nico.","og_url":"https:\/\/shop.mallorca312.com\/en\/mallorca312\/sudadera-m312-blanca\/","og_site_name":"Mallorca312 Shop","article_modified_time":"2026-04-08T11:25:32+00:00","og_image":[{"width":818,"height":1016,"url":"https:\/\/shop.mallorca312.com\/wp-content\/uploads\/2025\/04\/Captura-de-pantalla-2025-04-30-a-las-11.33.45.jpg","type":"image\/jpeg"}],"twitter_misc":{"Est. reading time":"1 minute"},"schema":{"@context":"https:\/\/schema.org","@graph":[{"@type":"WebPage","@id":"https:\/\/shop.mallorca312.com\/mallorca312\/sudadera-m312-blanca\/","url":"https:\/\/shop.mallorca312.com\/mallorca312\/sudadera-m312-blanca\/","name":"Sudadera M312 blanca - Mallorca312 Shop","isPartOf":{"@id":"https:\/\/shop.mallorca312.com\/#website"},"primaryImageOfPage":{"@id":"https:\/\/shop.mallorca312.com\/mallorca312\/sudadera-m312-blanca\/#primaryimage"},"image":{"@id":"https:\/\/shop.mallorca312.com\/mallorca312\/sudadera-m312-blanca\/#primaryimage"},"thumbnailUrl":"https:\/\/shop.mallorca312.com\/wp-content\/uploads\/2025\/04\/Captura-de-pantalla-2025-04-30-a-las-11.33.45.jpg","datePublished":"2025-04-24T08:03:56+00:00","dateModified":"2026-04-08T11:25:32+00:00","breadcrumb":{"@id":"https:\/\/shop.mallorca312.com\/mallorca312\/sudadera-m312-blanca\/#breadcrumb"},"inLanguage":"en-US","potentialAction":[{"@type":"ReadAction","target":["https:\/\/shop.mallorca312.com\/mallorca312\/sudadera-m312-blanca\/"]}]},{"@type":"ImageObject","inLanguage":"en-US","@id":"https:\/\/shop.mallorca312.com\/mallorca312\/sudadera-m312-blanca\/#primaryimage","url":"https:\/\/shop.mallorca312.com\/wp-content\/uploads\/2025\/04\/Captura-de-pantalla-2025-04-30-a-las-11.33.45.jpg","contentUrl":"https:\/\/shop.mallorca312.com\/wp-content\/uploads\/2025\/04\/Captura-de-pantalla-2025-04-30-a-las-11.33.45.jpg","width":818,"height":1016},{"@type":"BreadcrumbList","@id":"https:\/\/shop.mallorca312.com\/mallorca312\/sudadera-m312-blanca\/#breadcrumb","itemListElement":[{"@type":"ListItem","position":1,"name":"Portada","item":"https:\/\/shop.mallorca312.com\/"},{"@type":"ListItem","position":2,"name":"Tienda","item":"https:\/\/shop.mallorca312.com\/tienda\/"},{"@type":"ListItem","position":3,"name":"Sudadera M312 blanca"}]},{"@type":"WebSite","@id":"https:\/\/shop.mallorca312.com\/#website","url":"https:\/\/shop.mallorca312.com\/","name":"Mallorca312 Shop","description":"Mallorca312 Shop","potentialAction":[{"@type":"SearchAction","target":{"@type":"EntryPoint","urlTemplate":"https:\/\/shop.mallorca312.com\/?s={search_term_string}"},"query-input":{"@type":"PropertyValueSpecification","valueRequired":true,"valueName":"search_term_string"}}],"inLanguage":"en-US"}]}},"_links":{"self":[{"href":"https:\/\/shop.mallorca312.com\/en\/wp-json\/wp\/v2\/product\/25757","targetHints":{"allow":["GET"]}}],"collection":[{"href":"https:\/\/shop.mallorca312.com\/en\/wp-json\/wp\/v2\/product"}],"about":[{"href":"https:\/\/shop.mallorca312.com\/en\/wp-json\/wp\/v2\/types\/product"}],"wp:featuredmedia":[{"embeddable":true,"href":"https:\/\/shop.mallorca312.com\/en\/wp-json\/wp\/v2\/media\/28640"}],"wp:attachment":[{"href":"https:\/\/shop.mallorca312.com\/en\/wp-json\/wp\/v2\/media?parent=25757"}],"wp:term":[{"taxonomy":"product_brand","embeddable":true,"href":"https:\/\/shop.mallorca312.com\/en\/wp-json\/wp\/v2\/product_brand?post=25757"},{"taxonomy":"product_cat","embeddable":true,"href":"https:\/\/shop.mallorca312.com\/en\/wp-json\/wp\/v2\/product_cat?post=25757"},{"taxonomy":"product_tag","embeddable":true,"href":"https:\/\/shop.mallorca312.com\/en\/wp-json\/wp\/v2\/product_tag?post=25757"}],"curies":[{"name":"wp","href":"https:\/\/api.w.org\/{rel}","templated":true}]}}