{"id":25640,"date":"2025-04-05T13:41:00","date_gmt":"2025-04-05T13:41:00","guid":{"rendered":"https:\/\/shop.mallorca312.com\/?post_type=product&#038;p=25640"},"modified":"2026-04-10T06:51:59","modified_gmt":"2026-04-10T06:51:59","slug":"camiseta-blanca-m312-v15","status":"publish","type":"product","link":"https:\/\/shop.mallorca312.com\/en\/mallorca312\/camiseta-blanca-m312-v15\/","title":{"rendered":"Camiseta verde M312 V15"},"content":{"rendered":"","protected":false},"excerpt":{"rendered":"<p>Punto liso 100% algod\u00f3n org\u00e1nico con acabado carb\u00f3nico.<\/p>","protected":false},"featured_media":25648,"template":"","meta":[],"product_brand":[],"product_cat":[134],"product_tag":[],"class_list":{"0":"post-25640","1":"product","2":"type-product","3":"status-publish","4":"has-post-thumbnail","6":"product_cat-mallorca312","8":"first","9":"instock","10":"taxable","11":"shipping-taxable","12":"purchasable","13":"product-type-variable","14":"add-to-wishlist-before_image"},"yoast_head":"<!-- This site is optimized with the Yoast SEO plugin v26.4 - https:\/\/yoast.com\/wordpress\/plugins\/seo\/ -->\n<title>Camiseta verde M312 V15 - Mallorca312 Shop<\/title>\n<meta name=\"robots\" content=\"index, follow, max-snippet:-1, max-image-preview:large, max-video-preview:-1\" \/>\n<link rel=\"canonical\" href=\"https:\/\/shop.mallorca312.com\/en\/mallorca312\/camiseta-blanca-m312-v15\/\" \/>\n<meta property=\"og:locale\" content=\"en_US\" \/>\n<meta property=\"og:type\" content=\"article\" \/>\n<meta property=\"og:title\" content=\"Camiseta verde M312 V15 - Mallorca312 Shop\" \/>\n<meta property=\"og:description\" content=\"Punto liso 100% algod\u00f3n org\u00e1nico con acabado carb\u00f3nico.\" \/>\n<meta property=\"og:url\" content=\"https:\/\/shop.mallorca312.com\/en\/mallorca312\/camiseta-blanca-m312-v15\/\" \/>\n<meta property=\"og:site_name\" content=\"Mallorca312 Shop\" \/>\n<meta property=\"article:modified_time\" content=\"2026-04-10T06:51:59+00:00\" \/>\n<meta property=\"og:image\" content=\"https:\/\/shop.mallorca312.com\/wp-content\/uploads\/2025\/04\/Camiseta-V15.jpg\" \/>\n\t<meta property=\"og:image:width\" content=\"407\" \/>\n\t<meta property=\"og:image:height\" content=\"546\" \/>\n\t<meta property=\"og:image:type\" content=\"image\/jpeg\" \/>\n<meta name=\"twitter:label1\" content=\"Est. reading time\" \/>\n\t<meta name=\"twitter:data1\" content=\"1 minute\" \/>\n<script type=\"application\/ld+json\" class=\"yoast-schema-graph\">{\"@context\":\"https:\/\/schema.org\",\"@graph\":[{\"@type\":\"WebPage\",\"@id\":\"https:\/\/shop.mallorca312.com\/mallorca312\/camiseta-blanca-m312-v15\/\",\"url\":\"https:\/\/shop.mallorca312.com\/mallorca312\/camiseta-blanca-m312-v15\/\",\"name\":\"Camiseta verde M312 V15 - Mallorca312 Shop\",\"isPartOf\":{\"@id\":\"https:\/\/shop.mallorca312.com\/#website\"},\"primaryImageOfPage\":{\"@id\":\"https:\/\/shop.mallorca312.com\/mallorca312\/camiseta-blanca-m312-v15\/#primaryimage\"},\"image\":{\"@id\":\"https:\/\/shop.mallorca312.com\/mallorca312\/camiseta-blanca-m312-v15\/#primaryimage\"},\"thumbnailUrl\":\"https:\/\/shop.mallorca312.com\/wp-content\/uploads\/2025\/04\/Camiseta-V15.jpg\",\"datePublished\":\"2025-04-05T13:41:00+00:00\",\"dateModified\":\"2026-04-10T06:51:59+00:00\",\"breadcrumb\":{\"@id\":\"https:\/\/shop.mallorca312.com\/mallorca312\/camiseta-blanca-m312-v15\/#breadcrumb\"},\"inLanguage\":\"en-US\",\"potentialAction\":[{\"@type\":\"ReadAction\",\"target\":[\"https:\/\/shop.mallorca312.com\/mallorca312\/camiseta-blanca-m312-v15\/\"]}]},{\"@type\":\"ImageObject\",\"inLanguage\":\"en-US\",\"@id\":\"https:\/\/shop.mallorca312.com\/mallorca312\/camiseta-blanca-m312-v15\/#primaryimage\",\"url\":\"https:\/\/shop.mallorca312.com\/wp-content\/uploads\/2025\/04\/Camiseta-V15.jpg\",\"contentUrl\":\"https:\/\/shop.mallorca312.com\/wp-content\/uploads\/2025\/04\/Camiseta-V15.jpg\",\"width\":407,\"height\":546},{\"@type\":\"BreadcrumbList\",\"@id\":\"https:\/\/shop.mallorca312.com\/mallorca312\/camiseta-blanca-m312-v15\/#breadcrumb\",\"itemListElement\":[{\"@type\":\"ListItem\",\"position\":1,\"name\":\"Portada\",\"item\":\"https:\/\/shop.mallorca312.com\/\"},{\"@type\":\"ListItem\",\"position\":2,\"name\":\"Tienda\",\"item\":\"https:\/\/shop.mallorca312.com\/tienda\/\"},{\"@type\":\"ListItem\",\"position\":3,\"name\":\"Camiseta verde M312 V15\"}]},{\"@type\":\"WebSite\",\"@id\":\"https:\/\/shop.mallorca312.com\/#website\",\"url\":\"https:\/\/shop.mallorca312.com\/\",\"name\":\"Mallorca312 Shop\",\"description\":\"Mallorca312 Shop\",\"potentialAction\":[{\"@type\":\"SearchAction\",\"target\":{\"@type\":\"EntryPoint\",\"urlTemplate\":\"https:\/\/shop.mallorca312.com\/?s={search_term_string}\"},\"query-input\":{\"@type\":\"PropertyValueSpecification\",\"valueRequired\":true,\"valueName\":\"search_term_string\"}}],\"inLanguage\":\"en-US\"}]}<\/script>\n<!-- \/ Yoast SEO plugin. -->","yoast_head_json":{"title":"Camiseta verde M312 V15 - Mallorca312 Shop","robots":{"index":"index","follow":"follow","max-snippet":"max-snippet:-1","max-image-preview":"max-image-preview:large","max-video-preview":"max-video-preview:-1"},"canonical":"https:\/\/shop.mallorca312.com\/en\/mallorca312\/camiseta-blanca-m312-v15\/","og_locale":"en_US","og_type":"article","og_title":"Camiseta verde M312 V15 - Mallorca312 Shop","og_description":"Punto liso 100% algod\u00f3n org\u00e1nico con acabado carb\u00f3nico.","og_url":"https:\/\/shop.mallorca312.com\/en\/mallorca312\/camiseta-blanca-m312-v15\/","og_site_name":"Mallorca312 Shop","article_modified_time":"2026-04-10T06:51:59+00:00","og_image":[{"width":407,"height":546,"url":"https:\/\/shop.mallorca312.com\/wp-content\/uploads\/2025\/04\/Camiseta-V15.jpg","type":"image\/jpeg"}],"twitter_misc":{"Est. reading time":"1 minute"},"schema":{"@context":"https:\/\/schema.org","@graph":[{"@type":"WebPage","@id":"https:\/\/shop.mallorca312.com\/mallorca312\/camiseta-blanca-m312-v15\/","url":"https:\/\/shop.mallorca312.com\/mallorca312\/camiseta-blanca-m312-v15\/","name":"Camiseta verde M312 V15 - Mallorca312 Shop","isPartOf":{"@id":"https:\/\/shop.mallorca312.com\/#website"},"primaryImageOfPage":{"@id":"https:\/\/shop.mallorca312.com\/mallorca312\/camiseta-blanca-m312-v15\/#primaryimage"},"image":{"@id":"https:\/\/shop.mallorca312.com\/mallorca312\/camiseta-blanca-m312-v15\/#primaryimage"},"thumbnailUrl":"https:\/\/shop.mallorca312.com\/wp-content\/uploads\/2025\/04\/Camiseta-V15.jpg","datePublished":"2025-04-05T13:41:00+00:00","dateModified":"2026-04-10T06:51:59+00:00","breadcrumb":{"@id":"https:\/\/shop.mallorca312.com\/mallorca312\/camiseta-blanca-m312-v15\/#breadcrumb"},"inLanguage":"en-US","potentialAction":[{"@type":"ReadAction","target":["https:\/\/shop.mallorca312.com\/mallorca312\/camiseta-blanca-m312-v15\/"]}]},{"@type":"ImageObject","inLanguage":"en-US","@id":"https:\/\/shop.mallorca312.com\/mallorca312\/camiseta-blanca-m312-v15\/#primaryimage","url":"https:\/\/shop.mallorca312.com\/wp-content\/uploads\/2025\/04\/Camiseta-V15.jpg","contentUrl":"https:\/\/shop.mallorca312.com\/wp-content\/uploads\/2025\/04\/Camiseta-V15.jpg","width":407,"height":546},{"@type":"BreadcrumbList","@id":"https:\/\/shop.mallorca312.com\/mallorca312\/camiseta-blanca-m312-v15\/#breadcrumb","itemListElement":[{"@type":"ListItem","position":1,"name":"Portada","item":"https:\/\/shop.mallorca312.com\/"},{"@type":"ListItem","position":2,"name":"Tienda","item":"https:\/\/shop.mallorca312.com\/tienda\/"},{"@type":"ListItem","position":3,"name":"Camiseta verde M312 V15"}]},{"@type":"WebSite","@id":"https:\/\/shop.mallorca312.com\/#website","url":"https:\/\/shop.mallorca312.com\/","name":"Mallorca312 Shop","description":"Mallorca312 Shop","potentialAction":[{"@type":"SearchAction","target":{"@type":"EntryPoint","urlTemplate":"https:\/\/shop.mallorca312.com\/?s={search_term_string}"},"query-input":{"@type":"PropertyValueSpecification","valueRequired":true,"valueName":"search_term_string"}}],"inLanguage":"en-US"}]}},"_links":{"self":[{"href":"https:\/\/shop.mallorca312.com\/en\/wp-json\/wp\/v2\/product\/25640","targetHints":{"allow":["GET"]}}],"collection":[{"href":"https:\/\/shop.mallorca312.com\/en\/wp-json\/wp\/v2\/product"}],"about":[{"href":"https:\/\/shop.mallorca312.com\/en\/wp-json\/wp\/v2\/types\/product"}],"wp:featuredmedia":[{"embeddable":true,"href":"https:\/\/shop.mallorca312.com\/en\/wp-json\/wp\/v2\/media\/25648"}],"wp:attachment":[{"href":"https:\/\/shop.mallorca312.com\/en\/wp-json\/wp\/v2\/media?parent=25640"}],"wp:term":[{"taxonomy":"product_brand","embeddable":true,"href":"https:\/\/shop.mallorca312.com\/en\/wp-json\/wp\/v2\/product_brand?post=25640"},{"taxonomy":"product_cat","embeddable":true,"href":"https:\/\/shop.mallorca312.com\/en\/wp-json\/wp\/v2\/product_cat?post=25640"},{"taxonomy":"product_tag","embeddable":true,"href":"https:\/\/shop.mallorca312.com\/en\/wp-json\/wp\/v2\/product_tag?post=25640"}],"curies":[{"name":"wp","href":"https:\/\/api.w.org\/{rel}","templated":true}]}}