{"id":25626,"date":"2025-04-05T13:14:36","date_gmt":"2025-04-05T13:14:36","guid":{"rendered":"https:\/\/shop.mallorca312.com\/?post_type=product&#038;p=25626"},"modified":"2025-12-01T13:16:24","modified_gmt":"2025-12-01T13:16:24","slug":"gorra-vintage-mallorca-312-v15","status":"publish","type":"product","link":"https:\/\/shop.mallorca312.com\/en\/gorras-malllorca312\/gorra-vintage-mallorca-312-v15\/","title":{"rendered":"Gorra Vintage Mallorca 312 V15"},"content":{"rendered":"","protected":false},"excerpt":{"rendered":"<p>Gorra Vintage de Gobik para Mallorca 312 2025. Modelo que se adapta a la perfecci\u00f3n gracias al panel central biel\u00e1stico. Confeccionada con la construcci\u00f3n de 3 paneles.<\/p>\n<p>Ropa ciclista profesional<\/p>","protected":false},"featured_media":25628,"template":"","meta":[],"product_brand":[],"product_cat":[134,144],"product_tag":[],"class_list":{"0":"post-25626","1":"product","2":"type-product","3":"status-publish","4":"has-post-thumbnail","6":"product_cat-mallorca312","7":"product_cat-gorras-malllorca312","9":"first","10":"outofstock","11":"taxable","12":"shipping-taxable","13":"product-type-variable","14":"add-to-wishlist-before_image"},"yoast_head":"<!-- This site is optimized with the Yoast SEO plugin v26.4 - https:\/\/yoast.com\/wordpress\/plugins\/seo\/ -->\n<title>Gorra Vintage Mallorca 312 V15 - Mallorca312 Shop<\/title>\n<meta name=\"description\" content=\"Gorra de ciclismo de Gobik para Mallorca 312 2025\" \/>\n<meta name=\"robots\" content=\"index, follow, max-snippet:-1, max-image-preview:large, max-video-preview:-1\" \/>\n<link rel=\"canonical\" href=\"https:\/\/shop.mallorca312.com\/en\/gorras-malllorca312\/gorra-vintage-mallorca-312-v15\/\" \/>\n<meta property=\"og:locale\" content=\"en_US\" \/>\n<meta property=\"og:type\" content=\"article\" \/>\n<meta property=\"og:title\" content=\"Gorra Vintage Mallorca 312 V15 - Mallorca312 Shop\" \/>\n<meta property=\"og:description\" content=\"Gorra de ciclismo de Gobik para Mallorca 312 2025\" \/>\n<meta property=\"og:url\" content=\"https:\/\/shop.mallorca312.com\/en\/gorras-malllorca312\/gorra-vintage-mallorca-312-v15\/\" \/>\n<meta property=\"og:site_name\" content=\"Mallorca312 Shop\" \/>\n<meta property=\"article:modified_time\" content=\"2025-12-01T13:16:24+00:00\" \/>\n<meta property=\"og:image\" content=\"https:\/\/shop.mallorca312.com\/wp-content\/uploads\/2025\/04\/captura-51.png\" \/>\n\t<meta property=\"og:image:width\" content=\"981\" \/>\n\t<meta property=\"og:image:height\" content=\"659\" \/>\n\t<meta property=\"og:image:type\" content=\"image\/png\" \/>\n<script type=\"application\/ld+json\" class=\"yoast-schema-graph\">{\"@context\":\"https:\/\/schema.org\",\"@graph\":[{\"@type\":\"WebPage\",\"@id\":\"https:\/\/shop.mallorca312.com\/gorras-malllorca312\/gorra-vintage-mallorca-312-v15\/\",\"url\":\"https:\/\/shop.mallorca312.com\/gorras-malllorca312\/gorra-vintage-mallorca-312-v15\/\",\"name\":\"Gorra Vintage Mallorca 312 V15 - Mallorca312 Shop\",\"isPartOf\":{\"@id\":\"https:\/\/shop.mallorca312.com\/#website\"},\"primaryImageOfPage\":{\"@id\":\"https:\/\/shop.mallorca312.com\/gorras-malllorca312\/gorra-vintage-mallorca-312-v15\/#primaryimage\"},\"image\":{\"@id\":\"https:\/\/shop.mallorca312.com\/gorras-malllorca312\/gorra-vintage-mallorca-312-v15\/#primaryimage\"},\"thumbnailUrl\":\"https:\/\/shop.mallorca312.com\/wp-content\/uploads\/2025\/04\/captura-51.png\",\"datePublished\":\"2025-04-05T13:14:36+00:00\",\"dateModified\":\"2025-12-01T13:16:24+00:00\",\"description\":\"Gorra de ciclismo de Gobik para Mallorca 312 2025\",\"breadcrumb\":{\"@id\":\"https:\/\/shop.mallorca312.com\/gorras-malllorca312\/gorra-vintage-mallorca-312-v15\/#breadcrumb\"},\"inLanguage\":\"en-US\",\"potentialAction\":[{\"@type\":\"ReadAction\",\"target\":[\"https:\/\/shop.mallorca312.com\/gorras-malllorca312\/gorra-vintage-mallorca-312-v15\/\"]}]},{\"@type\":\"ImageObject\",\"inLanguage\":\"en-US\",\"@id\":\"https:\/\/shop.mallorca312.com\/gorras-malllorca312\/gorra-vintage-mallorca-312-v15\/#primaryimage\",\"url\":\"https:\/\/shop.mallorca312.com\/wp-content\/uploads\/2025\/04\/captura-51.png\",\"contentUrl\":\"https:\/\/shop.mallorca312.com\/wp-content\/uploads\/2025\/04\/captura-51.png\",\"width\":981,\"height\":659},{\"@type\":\"BreadcrumbList\",\"@id\":\"https:\/\/shop.mallorca312.com\/gorras-malllorca312\/gorra-vintage-mallorca-312-v15\/#breadcrumb\",\"itemListElement\":[{\"@type\":\"ListItem\",\"position\":1,\"name\":\"Portada\",\"item\":\"https:\/\/shop.mallorca312.com\/\"},{\"@type\":\"ListItem\",\"position\":2,\"name\":\"Tienda\",\"item\":\"https:\/\/shop.mallorca312.com\/tienda\/\"},{\"@type\":\"ListItem\",\"position\":3,\"name\":\"Gorra Vintage Mallorca 312 V15\"}]},{\"@type\":\"WebSite\",\"@id\":\"https:\/\/shop.mallorca312.com\/#website\",\"url\":\"https:\/\/shop.mallorca312.com\/\",\"name\":\"Mallorca312 Shop\",\"description\":\"Mallorca312 Shop\",\"potentialAction\":[{\"@type\":\"SearchAction\",\"target\":{\"@type\":\"EntryPoint\",\"urlTemplate\":\"https:\/\/shop.mallorca312.com\/?s={search_term_string}\"},\"query-input\":{\"@type\":\"PropertyValueSpecification\",\"valueRequired\":true,\"valueName\":\"search_term_string\"}}],\"inLanguage\":\"en-US\"}]}<\/script>\n<!-- \/ Yoast SEO plugin. -->","yoast_head_json":{"title":"Gorra Vintage Mallorca 312 V15 - Mallorca312 Shop","description":"Gorra de ciclismo de Gobik para Mallorca 312 2025","robots":{"index":"index","follow":"follow","max-snippet":"max-snippet:-1","max-image-preview":"max-image-preview:large","max-video-preview":"max-video-preview:-1"},"canonical":"https:\/\/shop.mallorca312.com\/en\/gorras-malllorca312\/gorra-vintage-mallorca-312-v15\/","og_locale":"en_US","og_type":"article","og_title":"Gorra Vintage Mallorca 312 V15 - Mallorca312 Shop","og_description":"Gorra de ciclismo de Gobik para Mallorca 312 2025","og_url":"https:\/\/shop.mallorca312.com\/en\/gorras-malllorca312\/gorra-vintage-mallorca-312-v15\/","og_site_name":"Mallorca312 Shop","article_modified_time":"2025-12-01T13:16:24+00:00","og_image":[{"width":981,"height":659,"url":"https:\/\/shop.mallorca312.com\/wp-content\/uploads\/2025\/04\/captura-51.png","type":"image\/png"}],"schema":{"@context":"https:\/\/schema.org","@graph":[{"@type":"WebPage","@id":"https:\/\/shop.mallorca312.com\/gorras-malllorca312\/gorra-vintage-mallorca-312-v15\/","url":"https:\/\/shop.mallorca312.com\/gorras-malllorca312\/gorra-vintage-mallorca-312-v15\/","name":"Gorra Vintage Mallorca 312 V15 - Mallorca312 Shop","isPartOf":{"@id":"https:\/\/shop.mallorca312.com\/#website"},"primaryImageOfPage":{"@id":"https:\/\/shop.mallorca312.com\/gorras-malllorca312\/gorra-vintage-mallorca-312-v15\/#primaryimage"},"image":{"@id":"https:\/\/shop.mallorca312.com\/gorras-malllorca312\/gorra-vintage-mallorca-312-v15\/#primaryimage"},"thumbnailUrl":"https:\/\/shop.mallorca312.com\/wp-content\/uploads\/2025\/04\/captura-51.png","datePublished":"2025-04-05T13:14:36+00:00","dateModified":"2025-12-01T13:16:24+00:00","description":"Gorra de ciclismo de Gobik para Mallorca 312 2025","breadcrumb":{"@id":"https:\/\/shop.mallorca312.com\/gorras-malllorca312\/gorra-vintage-mallorca-312-v15\/#breadcrumb"},"inLanguage":"en-US","potentialAction":[{"@type":"ReadAction","target":["https:\/\/shop.mallorca312.com\/gorras-malllorca312\/gorra-vintage-mallorca-312-v15\/"]}]},{"@type":"ImageObject","inLanguage":"en-US","@id":"https:\/\/shop.mallorca312.com\/gorras-malllorca312\/gorra-vintage-mallorca-312-v15\/#primaryimage","url":"https:\/\/shop.mallorca312.com\/wp-content\/uploads\/2025\/04\/captura-51.png","contentUrl":"https:\/\/shop.mallorca312.com\/wp-content\/uploads\/2025\/04\/captura-51.png","width":981,"height":659},{"@type":"BreadcrumbList","@id":"https:\/\/shop.mallorca312.com\/gorras-malllorca312\/gorra-vintage-mallorca-312-v15\/#breadcrumb","itemListElement":[{"@type":"ListItem","position":1,"name":"Portada","item":"https:\/\/shop.mallorca312.com\/"},{"@type":"ListItem","position":2,"name":"Tienda","item":"https:\/\/shop.mallorca312.com\/tienda\/"},{"@type":"ListItem","position":3,"name":"Gorra Vintage Mallorca 312 V15"}]},{"@type":"WebSite","@id":"https:\/\/shop.mallorca312.com\/#website","url":"https:\/\/shop.mallorca312.com\/","name":"Mallorca312 Shop","description":"Mallorca312 Shop","potentialAction":[{"@type":"SearchAction","target":{"@type":"EntryPoint","urlTemplate":"https:\/\/shop.mallorca312.com\/?s={search_term_string}"},"query-input":{"@type":"PropertyValueSpecification","valueRequired":true,"valueName":"search_term_string"}}],"inLanguage":"en-US"}]}},"_links":{"self":[{"href":"https:\/\/shop.mallorca312.com\/en\/wp-json\/wp\/v2\/product\/25626","targetHints":{"allow":["GET"]}}],"collection":[{"href":"https:\/\/shop.mallorca312.com\/en\/wp-json\/wp\/v2\/product"}],"about":[{"href":"https:\/\/shop.mallorca312.com\/en\/wp-json\/wp\/v2\/types\/product"}],"wp:featuredmedia":[{"embeddable":true,"href":"https:\/\/shop.mallorca312.com\/en\/wp-json\/wp\/v2\/media\/25628"}],"wp:attachment":[{"href":"https:\/\/shop.mallorca312.com\/en\/wp-json\/wp\/v2\/media?parent=25626"}],"wp:term":[{"taxonomy":"product_brand","embeddable":true,"href":"https:\/\/shop.mallorca312.com\/en\/wp-json\/wp\/v2\/product_brand?post=25626"},{"taxonomy":"product_cat","embeddable":true,"href":"https:\/\/shop.mallorca312.com\/en\/wp-json\/wp\/v2\/product_cat?post=25626"},{"taxonomy":"product_tag","embeddable":true,"href":"https:\/\/shop.mallorca312.com\/en\/wp-json\/wp\/v2\/product_tag?post=25626"}],"curies":[{"name":"wp","href":"https:\/\/api.w.org\/{rel}","templated":true}]}}