{"id":21168,"date":"2024-02-27T22:18:21","date_gmt":"2024-02-27T22:18:21","guid":{"rendered":"https:\/\/shop.mallorca312.com\/?post_type=product&#038;p=21168"},"modified":"2025-02-07T07:12:41","modified_gmt":"2025-02-07T07:12:41","slug":"culotte-mallorca-312-v14-hombre","status":"publish","type":"product","link":"https:\/\/shop.mallorca312.com\/en\/culottes-malllorca312\/culotte-mallorca-312-v14-hombre\/","title":{"rendered":"Culotte Mallorca 312 V14 &#8211; Hombre"},"content":{"rendered":"","protected":false},"excerpt":{"rendered":"<p>&nbsp;<\/p>\n<p>Culotte Mallorca 312 2024 modelo Matt para hombre.<\/p>\n<p>El culotte corto destaca por su versatilidad y su compresi\u00f3n intermedia.<\/p>\n<p>El patronaje lo convierte en una prenda ergon\u00f3mica que combina en su confecci\u00f3n la doble costura plana y tejidos de poliamida gofrados de compresi\u00f3n media.<\/p>\n<p>Los tirantes planos construidos en cinta el\u00e1stica microperforada aportan una sujeci\u00f3n \u00f3ptima y suficiente anchura para distribuir el peso c\u00f3modamente.<\/p>\n<p>Las perneras se rematan con una cinta el\u00e1stica de 60mm con un siliconado interior de micropuntos, que le aporta un extra de adherencia y confort.<\/p>\n<p>Ropa ciclista profesional para hombre<\/p>","protected":false},"featured_media":24310,"template":"","meta":[],"product_brand":[],"product_cat":[134,136],"product_tag":[],"class_list":{"0":"post-21168","1":"product","2":"type-product","3":"status-publish","4":"has-post-thumbnail","6":"product_cat-mallorca312","7":"product_cat-culottes-malllorca312","9":"first","10":"outofstock","11":"taxable","12":"shipping-taxable","13":"product-type-variable","14":"add-to-wishlist-before_image"},"yoast_head":"<!-- This site is optimized with the Yoast SEO plugin v26.4 - https:\/\/yoast.com\/wordpress\/plugins\/seo\/ -->\n<title>Culotte Mallorca 312 V14 - Hombre - Mallorca312 Shop<\/title>\n<meta name=\"description\" content=\"Culotte Mallorca 312 2024. Culotte corto ciclismo modelo Mat\" \/>\n<meta name=\"robots\" content=\"index, follow, max-snippet:-1, max-image-preview:large, max-video-preview:-1\" \/>\n<link rel=\"canonical\" href=\"https:\/\/shop.mallorca312.com\/en\/culottes-malllorca312\/culotte-mallorca-312-v14-hombre\/\" \/>\n<meta property=\"og:locale\" content=\"en_US\" \/>\n<meta property=\"og:type\" content=\"article\" \/>\n<meta property=\"og:title\" content=\"Culotte Mallorca 312 V14 - Hombre - Mallorca312 Shop\" \/>\n<meta property=\"og:description\" content=\"Culotte Mallorca 312 2024. Culotte corto ciclismo modelo Mat\" \/>\n<meta property=\"og:url\" content=\"https:\/\/shop.mallorca312.com\/en\/culottes-malllorca312\/culotte-mallorca-312-v14-hombre\/\" \/>\n<meta property=\"og:site_name\" content=\"Mallorca312 Shop\" \/>\n<meta property=\"article:modified_time\" content=\"2025-02-07T07:12:41+00:00\" \/>\n<meta property=\"og:image\" content=\"https:\/\/shop.mallorca312.com\/wp-content\/uploads\/2024\/02\/MALLORCA_312-2023-Camiseta_Interior_Culotte-hombre-5.jpg\" \/>\n\t<meta property=\"og:image:width\" content=\"1500\" \/>\n\t<meta property=\"og:image:height\" content=\"1500\" \/>\n\t<meta property=\"og:image:type\" content=\"image\/jpeg\" \/>\n<script type=\"application\/ld+json\" class=\"yoast-schema-graph\">{\"@context\":\"https:\/\/schema.org\",\"@graph\":[{\"@type\":\"WebPage\",\"@id\":\"https:\/\/shop.mallorca312.com\/culottes-malllorca312\/culotte-mallorca-312-v14-hombre\/\",\"url\":\"https:\/\/shop.mallorca312.com\/culottes-malllorca312\/culotte-mallorca-312-v14-hombre\/\",\"name\":\"Culotte Mallorca 312 V14 - Hombre - Mallorca312 Shop\",\"isPartOf\":{\"@id\":\"https:\/\/shop.mallorca312.com\/#website\"},\"primaryImageOfPage\":{\"@id\":\"https:\/\/shop.mallorca312.com\/culottes-malllorca312\/culotte-mallorca-312-v14-hombre\/#primaryimage\"},\"image\":{\"@id\":\"https:\/\/shop.mallorca312.com\/culottes-malllorca312\/culotte-mallorca-312-v14-hombre\/#primaryimage\"},\"thumbnailUrl\":\"https:\/\/shop.mallorca312.com\/wp-content\/uploads\/2024\/02\/MALLORCA_312-2023-Camiseta_Interior_Culotte-hombre-5.jpg\",\"datePublished\":\"2024-02-27T22:18:21+00:00\",\"dateModified\":\"2025-02-07T07:12:41+00:00\",\"description\":\"Culotte Mallorca 312 2024. Culotte corto ciclismo modelo Mat\",\"breadcrumb\":{\"@id\":\"https:\/\/shop.mallorca312.com\/culottes-malllorca312\/culotte-mallorca-312-v14-hombre\/#breadcrumb\"},\"inLanguage\":\"en-US\",\"potentialAction\":[{\"@type\":\"ReadAction\",\"target\":[\"https:\/\/shop.mallorca312.com\/culottes-malllorca312\/culotte-mallorca-312-v14-hombre\/\"]}]},{\"@type\":\"ImageObject\",\"inLanguage\":\"en-US\",\"@id\":\"https:\/\/shop.mallorca312.com\/culottes-malllorca312\/culotte-mallorca-312-v14-hombre\/#primaryimage\",\"url\":\"https:\/\/shop.mallorca312.com\/wp-content\/uploads\/2024\/02\/MALLORCA_312-2023-Camiseta_Interior_Culotte-hombre-5.jpg\",\"contentUrl\":\"https:\/\/shop.mallorca312.com\/wp-content\/uploads\/2024\/02\/MALLORCA_312-2023-Camiseta_Interior_Culotte-hombre-5.jpg\",\"width\":1500,\"height\":1500},{\"@type\":\"BreadcrumbList\",\"@id\":\"https:\/\/shop.mallorca312.com\/culottes-malllorca312\/culotte-mallorca-312-v14-hombre\/#breadcrumb\",\"itemListElement\":[{\"@type\":\"ListItem\",\"position\":1,\"name\":\"Portada\",\"item\":\"https:\/\/shop.mallorca312.com\/\"},{\"@type\":\"ListItem\",\"position\":2,\"name\":\"Tienda\",\"item\":\"https:\/\/shop.mallorca312.com\/tienda\/\"},{\"@type\":\"ListItem\",\"position\":3,\"name\":\"Culotte Mallorca 312 V14 &#8211; Hombre\"}]},{\"@type\":\"WebSite\",\"@id\":\"https:\/\/shop.mallorca312.com\/#website\",\"url\":\"https:\/\/shop.mallorca312.com\/\",\"name\":\"Mallorca312 Shop\",\"description\":\"Mallorca312 Shop\",\"potentialAction\":[{\"@type\":\"SearchAction\",\"target\":{\"@type\":\"EntryPoint\",\"urlTemplate\":\"https:\/\/shop.mallorca312.com\/?s={search_term_string}\"},\"query-input\":{\"@type\":\"PropertyValueSpecification\",\"valueRequired\":true,\"valueName\":\"search_term_string\"}}],\"inLanguage\":\"en-US\"}]}<\/script>\n<!-- \/ Yoast SEO plugin. -->","yoast_head_json":{"title":"Culotte Mallorca 312 V14 - Hombre - Mallorca312 Shop","description":"Culotte Mallorca 312 2024. Culotte corto ciclismo modelo Mat","robots":{"index":"index","follow":"follow","max-snippet":"max-snippet:-1","max-image-preview":"max-image-preview:large","max-video-preview":"max-video-preview:-1"},"canonical":"https:\/\/shop.mallorca312.com\/en\/culottes-malllorca312\/culotte-mallorca-312-v14-hombre\/","og_locale":"en_US","og_type":"article","og_title":"Culotte Mallorca 312 V14 - Hombre - Mallorca312 Shop","og_description":"Culotte Mallorca 312 2024. Culotte corto ciclismo modelo Mat","og_url":"https:\/\/shop.mallorca312.com\/en\/culottes-malllorca312\/culotte-mallorca-312-v14-hombre\/","og_site_name":"Mallorca312 Shop","article_modified_time":"2025-02-07T07:12:41+00:00","og_image":[{"width":1500,"height":1500,"url":"https:\/\/shop.mallorca312.com\/wp-content\/uploads\/2024\/02\/MALLORCA_312-2023-Camiseta_Interior_Culotte-hombre-5.jpg","type":"image\/jpeg"}],"schema":{"@context":"https:\/\/schema.org","@graph":[{"@type":"WebPage","@id":"https:\/\/shop.mallorca312.com\/culottes-malllorca312\/culotte-mallorca-312-v14-hombre\/","url":"https:\/\/shop.mallorca312.com\/culottes-malllorca312\/culotte-mallorca-312-v14-hombre\/","name":"Culotte Mallorca 312 V14 - Hombre - Mallorca312 Shop","isPartOf":{"@id":"https:\/\/shop.mallorca312.com\/#website"},"primaryImageOfPage":{"@id":"https:\/\/shop.mallorca312.com\/culottes-malllorca312\/culotte-mallorca-312-v14-hombre\/#primaryimage"},"image":{"@id":"https:\/\/shop.mallorca312.com\/culottes-malllorca312\/culotte-mallorca-312-v14-hombre\/#primaryimage"},"thumbnailUrl":"https:\/\/shop.mallorca312.com\/wp-content\/uploads\/2024\/02\/MALLORCA_312-2023-Camiseta_Interior_Culotte-hombre-5.jpg","datePublished":"2024-02-27T22:18:21+00:00","dateModified":"2025-02-07T07:12:41+00:00","description":"Culotte Mallorca 312 2024. Culotte corto ciclismo modelo Mat","breadcrumb":{"@id":"https:\/\/shop.mallorca312.com\/culottes-malllorca312\/culotte-mallorca-312-v14-hombre\/#breadcrumb"},"inLanguage":"en-US","potentialAction":[{"@type":"ReadAction","target":["https:\/\/shop.mallorca312.com\/culottes-malllorca312\/culotte-mallorca-312-v14-hombre\/"]}]},{"@type":"ImageObject","inLanguage":"en-US","@id":"https:\/\/shop.mallorca312.com\/culottes-malllorca312\/culotte-mallorca-312-v14-hombre\/#primaryimage","url":"https:\/\/shop.mallorca312.com\/wp-content\/uploads\/2024\/02\/MALLORCA_312-2023-Camiseta_Interior_Culotte-hombre-5.jpg","contentUrl":"https:\/\/shop.mallorca312.com\/wp-content\/uploads\/2024\/02\/MALLORCA_312-2023-Camiseta_Interior_Culotte-hombre-5.jpg","width":1500,"height":1500},{"@type":"BreadcrumbList","@id":"https:\/\/shop.mallorca312.com\/culottes-malllorca312\/culotte-mallorca-312-v14-hombre\/#breadcrumb","itemListElement":[{"@type":"ListItem","position":1,"name":"Portada","item":"https:\/\/shop.mallorca312.com\/"},{"@type":"ListItem","position":2,"name":"Tienda","item":"https:\/\/shop.mallorca312.com\/tienda\/"},{"@type":"ListItem","position":3,"name":"Culotte Mallorca 312 V14 &#8211; Hombre"}]},{"@type":"WebSite","@id":"https:\/\/shop.mallorca312.com\/#website","url":"https:\/\/shop.mallorca312.com\/","name":"Mallorca312 Shop","description":"Mallorca312 Shop","potentialAction":[{"@type":"SearchAction","target":{"@type":"EntryPoint","urlTemplate":"https:\/\/shop.mallorca312.com\/?s={search_term_string}"},"query-input":{"@type":"PropertyValueSpecification","valueRequired":true,"valueName":"search_term_string"}}],"inLanguage":"en-US"}]}},"_links":{"self":[{"href":"https:\/\/shop.mallorca312.com\/en\/wp-json\/wp\/v2\/product\/21168","targetHints":{"allow":["GET"]}}],"collection":[{"href":"https:\/\/shop.mallorca312.com\/en\/wp-json\/wp\/v2\/product"}],"about":[{"href":"https:\/\/shop.mallorca312.com\/en\/wp-json\/wp\/v2\/types\/product"}],"wp:featuredmedia":[{"embeddable":true,"href":"https:\/\/shop.mallorca312.com\/en\/wp-json\/wp\/v2\/media\/24310"}],"wp:attachment":[{"href":"https:\/\/shop.mallorca312.com\/en\/wp-json\/wp\/v2\/media?parent=21168"}],"wp:term":[{"taxonomy":"product_brand","embeddable":true,"href":"https:\/\/shop.mallorca312.com\/en\/wp-json\/wp\/v2\/product_brand?post=21168"},{"taxonomy":"product_cat","embeddable":true,"href":"https:\/\/shop.mallorca312.com\/en\/wp-json\/wp\/v2\/product_cat?post=21168"},{"taxonomy":"product_tag","embeddable":true,"href":"https:\/\/shop.mallorca312.com\/en\/wp-json\/wp\/v2\/product_tag?post=21168"}],"curies":[{"name":"wp","href":"https:\/\/api.w.org\/{rel}","templated":true}]}}