{"id":3,"date":"2020-02-24T17:28:36","date_gmt":"2020-02-24T17:28:36","guid":{"rendered":"http:\/\/web.milestoneseries.lndo.site\/?page_id=3"},"modified":"2026-01-08T11:58:22","modified_gmt":"2026-01-08T11:58:22","slug":"politica-privacidad","status":"publish","type":"page","link":"https:\/\/shop.mallorca312.com\/en\/politica-privacidad\/","title":{"rendered":"Privacy Policy"},"content":{"rendered":"<div class=\"heading\">\n<h3 class=\"heading__subtitle\">Terms and conditions<\/h3>\n<\/div>\n<p>Conforme a lo previsto en el Reglamento (UE) 2016\/679 del Parlamento Europeo y del Consejo de 27 de abril de 2016 relativo a la protecci\u00f3n de las personas f\u00edsicas en lo que respecta al tratamiento de datos personales y a la libre circulaci\u00f3n de \u00e9stos, m\u00e1s conocido como Reglamento General de Protecci\u00f3n de Datos (en adelante, RGPD), as\u00ed como la normativa que lo desarrolla, 312 BIKE &amp; TOURS, S. L. le informa que los datos personales obtenidos a trav\u00e9s de la plataforma de inscripci\u00f3n ser\u00e1n incluidos en un fichero automatizado cuyo Responsable es 312 BIKE &amp; TOURS S. L. (en adelante, 312 Bike &amp; Tours) con domicilio social en Carrer de les Parres, 51, 07570, Art\u00e0, Illes Balears, inscrita en el Registro Mercantil de Palma de Mallorca el 7 de julio de 2016, en el Tomo 2.666 del Archivo, Secci\u00f3n General, folio 26, secci\u00f3n 8, hoja n\u00famero PM-79.193, inscripci\u00f3n 1\u00aa, e identificada fiscalmente por el Ministerio de Econom\u00eda y Hacienda de Espa\u00f1a con el n\u00famero de CIF: B-57.967.622.<\/p>\n<p>La recogida y tratamiento automatizado de los Datos de Car\u00e1cter Personal tiene como finalidad la gesti\u00f3n de la relaci\u00f3n con el Usuario, as\u00ed como las labores de informaci\u00f3n y comercializaci\u00f3n del servicio y de actividades relacionadas con los mismos, as\u00ed como para fines estad\u00edsticos y de mejora de la calidad del servicio.<\/p>\n<p>Los datos de car\u00e1cter personal que proporcione el Usuario se entienden veraces y correctos siendo \u00e9ste \u00faltimo el \u00fanico responsable de que la informaci\u00f3n proporcionada son real y ver\u00eddica. El plazo durante el cual se conservar\u00e1n los datos personales recogidos mediante el formulario ser\u00e1 de cuatro a\u00f1os, una vez que el Usuario se haya dado de baja.\u00a0 312 Bike &amp; Tours se compromete al cumplimiento de su obligaci\u00f3n de secreto de los datos de car\u00e1cter personal y de su deber de guardarlos y adoptar\u00e1 todas las medidas de \u00edndole t\u00e9cnica y organizativa para garantizar la seguridad de los datos de car\u00e1cter personal y evitar su alteraci\u00f3n, p\u00e9rdida, tratamiento o acceso no autorizado, habida cuenta del estado de la tecnolog\u00eda, la naturaleza de los datos almacenados y los riesgos a que est\u00e9n expuestos, todo ello de conformidad con lo establecido en RGPD.<\/p>\n<p>El sitio Web dispone de las medidas de seguridad de la informaci\u00f3n generalmente utilizadas para evitar el acceso no autorizado a los datos personales.<\/p>\n<p>El usuario consiente en el tratamiento de los datos de car\u00e1cter personal que haya proporcionado voluntariamente, previo consentimiento expreso, con la finalidad de enviarle informaci\u00f3n por cualquier medio sobre nuestros productos, servicios, ofertas o promociones especiales para lo que podremos elaborar perfiles de usuario que nos permitan realizarle ofertas personalizadas. Estas comunicaciones incluir\u00e1n la palabra PUBLICIDAD.<\/p>\n<p>Igualmente, le comunicamos que dichos datos podr\u00e1n ser cedidos (siempre que usted haya dado su consentimiento expreso) para los fines mencionados anteriormente a la empresa ARRIERE DU PELOTON, S. L. (en adelante, ARRIVO CYCLING) cuya actividad es la de agencia de viajes minorista especializada en turismo deportivo, con la finalidad de comunicarle ofertas y promociones de car\u00e1cter tur\u00edstico y deportivo, as\u00ed como para fines estad\u00edsticos y de mejora de la calidad del servicio. El consentimiento para la comunicaci\u00f3n de los datos de car\u00e1cter personal tiene el car\u00e1cter de revocable. ARRIERE DU POLOTON, S. L. se obliga, por el solo hecho de la comunicaci\u00f3n de los datos, a la observancia de las disposiciones del RGPD.<\/p>\n<p>A excepci\u00f3n de la previsi\u00f3n anterior, y siempre que usted haya dado su consentimiento expreso, los datos de car\u00e1cter personal que usted voluntariamente haya proporcionado a 312 Bike &amp; Tours no ser\u00e1n objeto de cesi\u00f3n a ning\u00fan otro sujeto ni empresa, salvo en los supuestos concretos en que dicha cesi\u00f3n se encuentre amparada por el RGPD. Sin embargo, sin perjuicio de lo anterior, el usuario acepta la cesi\u00f3n a terceros de los datos que voluntariamente ha proporcionado que sean estrictamente necesarios para el cumplimiento del servicio solicitado.<\/p>\n<p>Le informamos que, de acuerdo con el RGPD, usted podr\u00e1 ejercer gratuitamente sus derechos de acceso, limitaci\u00f3n, rectificaci\u00f3n, cancelaci\u00f3n y oposici\u00f3n, o revocaci\u00f3n de cualquiera de su otorgado consentimiento dirigiendo un escrito a 312 Bike &amp; Tours SL con domicilio social en Carrer de les Parres, 51, 07570, Art\u00e0, Illes Balears, o mediante la remisi\u00f3n de un correo electr\u00f3nico dirigido a la siguiente direcci\u00f3n: info@mallorca312.com. Por favor, lea detenidamente esta declaraci\u00f3n de privacidad antes de usar este Sitio, conocer\u00e1 la forma en que procesaremos sus datos personales. El uso de este Sitio implica la aceptaci\u00f3n de nuestra pol\u00edtica de privacidad. En caso contrario no use este Sitio.<\/p>","protected":false},"excerpt":{"rendered":"<p>T\u00e9rminos y condiciones Conforme a lo previsto en el Reglamento (UE) 2016\/679 del Parlamento Europeo y del Consejo de 27 de abril de 2016 relativo a la protecci\u00f3n de las personas f\u00edsicas en lo que respecta al tratamiento de datos personales y a la libre circulaci\u00f3n de \u00e9stos, m\u00e1s conocido como Reglamento General de Protecci\u00f3n [&hellip;]<\/p>","protected":false},"author":1,"featured_media":0,"parent":0,"menu_order":0,"comment_status":"closed","ping_status":"open","template":"","meta":{"footnotes":""},"class_list":["post-3","page","type-page","status-publish","hentry"],"yoast_head":"<!-- This site is optimized with the Yoast SEO plugin v26.4 - https:\/\/yoast.com\/wordpress\/plugins\/seo\/ -->\n<title>Pol\u00edtica de privacidad - Mallorca312 Shop<\/title>\n<meta name=\"robots\" content=\"noindex, follow\" \/>\n<meta property=\"og:locale\" content=\"en_US\" \/>\n<meta property=\"og:type\" content=\"article\" \/>\n<meta property=\"og:title\" content=\"Pol\u00edtica de privacidad - Mallorca312 Shop\" \/>\n<meta property=\"og:description\" content=\"T\u00e9rminos y condiciones Conforme a lo previsto en el Reglamento (UE) 2016\/679 del Parlamento Europeo y del Consejo de 27 de abril de 2016 relativo a la protecci\u00f3n de las personas f\u00edsicas en lo que respecta al tratamiento de datos personales y a la libre circulaci\u00f3n de \u00e9stos, m\u00e1s conocido como Reglamento General de Protecci\u00f3n [&hellip;]\" \/>\n<meta property=\"og:url\" content=\"https:\/\/shop.mallorca312.com\/en\/politica-privacidad\/\" \/>\n<meta property=\"og:site_name\" content=\"Mallorca312 Shop\" \/>\n<meta property=\"article:modified_time\" content=\"2026-01-08T11:58:22+00:00\" \/>\n<meta name=\"twitter:label1\" content=\"Est. reading time\" \/>\n\t<meta name=\"twitter:data1\" content=\"4 minutes\" \/>\n<script type=\"application\/ld+json\" class=\"yoast-schema-graph\">{\"@context\":\"https:\/\/schema.org\",\"@graph\":[{\"@type\":\"WebPage\",\"@id\":\"https:\/\/shop.mallorca312.com\/politica-privacidad\/\",\"url\":\"https:\/\/shop.mallorca312.com\/politica-privacidad\/\",\"name\":\"Pol\u00edtica de privacidad - Mallorca312 Shop\",\"isPartOf\":{\"@id\":\"https:\/\/shop.mallorca312.com\/#website\"},\"datePublished\":\"2020-02-24T17:28:36+00:00\",\"dateModified\":\"2026-01-08T11:58:22+00:00\",\"breadcrumb\":{\"@id\":\"https:\/\/shop.mallorca312.com\/politica-privacidad\/#breadcrumb\"},\"inLanguage\":\"en-US\",\"potentialAction\":[{\"@type\":\"ReadAction\",\"target\":[\"https:\/\/shop.mallorca312.com\/politica-privacidad\/\"]}]},{\"@type\":\"BreadcrumbList\",\"@id\":\"https:\/\/shop.mallorca312.com\/politica-privacidad\/#breadcrumb\",\"itemListElement\":[{\"@type\":\"ListItem\",\"position\":1,\"name\":\"Portada\",\"item\":\"https:\/\/shop.mallorca312.com\/\"},{\"@type\":\"ListItem\",\"position\":2,\"name\":\"Pol\u00edtica de privacidad\"}]},{\"@type\":\"WebSite\",\"@id\":\"https:\/\/shop.mallorca312.com\/#website\",\"url\":\"https:\/\/shop.mallorca312.com\/\",\"name\":\"Mallorca312 Shop\",\"description\":\"Mallorca312 Shop\",\"potentialAction\":[{\"@type\":\"SearchAction\",\"target\":{\"@type\":\"EntryPoint\",\"urlTemplate\":\"https:\/\/shop.mallorca312.com\/?s={search_term_string}\"},\"query-input\":{\"@type\":\"PropertyValueSpecification\",\"valueRequired\":true,\"valueName\":\"search_term_string\"}}],\"inLanguage\":\"en-US\"}]}<\/script>\n<!-- \/ Yoast SEO plugin. -->","yoast_head_json":{"title":"Pol\u00edtica de privacidad - Mallorca312 Shop","robots":{"index":"noindex","follow":"follow"},"og_locale":"en_US","og_type":"article","og_title":"Pol\u00edtica de privacidad - Mallorca312 Shop","og_description":"T\u00e9rminos y condiciones Conforme a lo previsto en el Reglamento (UE) 2016\/679 del Parlamento Europeo y del Consejo de 27 de abril de 2016 relativo a la protecci\u00f3n de las personas f\u00edsicas en lo que respecta al tratamiento de datos personales y a la libre circulaci\u00f3n de \u00e9stos, m\u00e1s conocido como Reglamento General de Protecci\u00f3n [&hellip;]","og_url":"https:\/\/shop.mallorca312.com\/en\/politica-privacidad\/","og_site_name":"Mallorca312 Shop","article_modified_time":"2026-01-08T11:58:22+00:00","twitter_misc":{"Est. reading time":"4 minutes"},"schema":{"@context":"https:\/\/schema.org","@graph":[{"@type":"WebPage","@id":"https:\/\/shop.mallorca312.com\/politica-privacidad\/","url":"https:\/\/shop.mallorca312.com\/politica-privacidad\/","name":"Pol\u00edtica de privacidad - Mallorca312 Shop","isPartOf":{"@id":"https:\/\/shop.mallorca312.com\/#website"},"datePublished":"2020-02-24T17:28:36+00:00","dateModified":"2026-01-08T11:58:22+00:00","breadcrumb":{"@id":"https:\/\/shop.mallorca312.com\/politica-privacidad\/#breadcrumb"},"inLanguage":"en-US","potentialAction":[{"@type":"ReadAction","target":["https:\/\/shop.mallorca312.com\/politica-privacidad\/"]}]},{"@type":"BreadcrumbList","@id":"https:\/\/shop.mallorca312.com\/politica-privacidad\/#breadcrumb","itemListElement":[{"@type":"ListItem","position":1,"name":"Portada","item":"https:\/\/shop.mallorca312.com\/"},{"@type":"ListItem","position":2,"name":"Pol\u00edtica de privacidad"}]},{"@type":"WebSite","@id":"https:\/\/shop.mallorca312.com\/#website","url":"https:\/\/shop.mallorca312.com\/","name":"Mallorca312 Shop","description":"Mallorca312 Shop","potentialAction":[{"@type":"SearchAction","target":{"@type":"EntryPoint","urlTemplate":"https:\/\/shop.mallorca312.com\/?s={search_term_string}"},"query-input":{"@type":"PropertyValueSpecification","valueRequired":true,"valueName":"search_term_string"}}],"inLanguage":"en-US"}]}},"_links":{"self":[{"href":"https:\/\/shop.mallorca312.com\/en\/wp-json\/wp\/v2\/pages\/3","targetHints":{"allow":["GET"]}}],"collection":[{"href":"https:\/\/shop.mallorca312.com\/en\/wp-json\/wp\/v2\/pages"}],"about":[{"href":"https:\/\/shop.mallorca312.com\/en\/wp-json\/wp\/v2\/types\/page"}],"author":[{"embeddable":true,"href":"https:\/\/shop.mallorca312.com\/en\/wp-json\/wp\/v2\/users\/1"}],"replies":[{"embeddable":true,"href":"https:\/\/shop.mallorca312.com\/en\/wp-json\/wp\/v2\/comments?post=3"}],"version-history":[{"count":3,"href":"https:\/\/shop.mallorca312.com\/en\/wp-json\/wp\/v2\/pages\/3\/revisions"}],"predecessor-version":[{"id":29899,"href":"https:\/\/shop.mallorca312.com\/en\/wp-json\/wp\/v2\/pages\/3\/revisions\/29899"}],"wp:attachment":[{"href":"https:\/\/shop.mallorca312.com\/en\/wp-json\/wp\/v2\/media?parent=3"}],"curies":[{"name":"wp","href":"https:\/\/api.w.org\/{rel}","templated":true}]}}